{"id":1490,"date":"2023-11-17T23:59:04","date_gmt":"2023-11-17T22:59:04","guid":{"rendered":"https:\/\/www.soutifdesport.com\/?post_type=product&#038;p=1490"},"modified":"2025-06-23T20:14:24","modified_gmt":"2025-06-23T18:14:24","slug":"chrono","status":"publish","type":"product","link":"https:\/\/www.soutifdesport.com\/index.php\/produit\/chrono\/","title":{"rendered":"SOUTIF DE SPORT<br> Chrono"},"content":{"rendered":"<p><a href=\"http:\/\/soutifdesport.com\/index.php\/guide-des-tailles\/\">Guide des tailles<\/a><\/p>\n    <div style=\"font-family:Arial, sans-serif; border:1px solid #ccc; padding:15px; border-radius:8px; max-width:300px;\">\r\n      <h3 style=\"margin-top:0;\">Trouve ta taille<\/h3>\r\n\r\n      <label>Tour de dos (cm) :<\/label><br\/>\r\n      <select id=\"tourDos\" style=\"width:100%; margin-bottom:10px;\">\r\n        <option value=\"\">S\u00e9lectionnez<\/option>\r\n        <option value=\"80\">80<\/option>\r\n        <option value=\"85\">85<\/option>\r\n        <option value=\"90\">90<\/option>\r\n        <option value=\"95\">95<\/option>\r\n        <option value=\"100\">100<\/option>\r\n        <option value=\"105\">105<\/option>\r\n      <\/select>\r\n\r\n      <label>Bonnet :<\/label><br\/>\r\n      <select id=\"bonnet\" style=\"width:100%; margin-bottom:10px;\">\r\n        <option value=\"\">S\u00e9lectionnez<\/option>\r\n        <option value=\"A\">A<\/option>\r\n        <option value=\"B\">B<\/option>\r\n        <option value=\"C\">C<\/option>\r\n        <option value=\"D\">D<\/option>\r\n        <option value=\"E\">E<\/option>\r\n        <option value=\"F\">F<\/option>\r\n        <option value=\"G\">G<\/option>\r\n      <\/select>\r\n\r\n      <div id=\"resultatTaille\" style=\"margin-top:10px; font-weight:bold;\"><\/div>\r\n    <\/div>\r\n\r\n    <script>\r\n    document.addEventListener(\"DOMContentLoaded\", function () {\r\n      const guide = {\r\n        \"A\": { \"80\": \"XS\", \"85\": \"XS\", \"90\": \"S\", \"95\": \"S\/M\", \"100\": \"M\/L\", \"105\": \"XL\" },\r\n        \"B\": { \"80\": \"XS\", \"85\": \"S\", \"90\": \"S\/M\", \"95\": \"M\", \"100\": \"M\/L\", \"105\": \"XL\" },\r\n        \"C\": { \"80\": \"S\", \"85\": \"S\", \"90\": \"M\", \"95\": \"M\", \"100\": \"L\", \"105\": \"XXL\" },\r\n        \"D\": { \"80\": \"S\", \"85\": \"M\", \"90\": \"M\", \"95\": \"L\", \"100\": \"L\", \"105\": \"XXL\" },\r\n        \"E\": { \"80\": \"S\/M\", \"85\": \"M\", \"90\": \"L\", \"95\": \"L\/XL\", \"100\": \"XL\", \"105\": \"\" },\r\n        \"F\": { \"80\": \"\", \"85\": \"M\/L\", \"90\": \"L\", \"95\": \"XL\", \"100\": \"XXL\", \"105\": \"\" },\r\n        \"G\": { \"80\": \"\", \"85\": \"L\", \"90\": \"XL\", \"95\": \"XXL\", \"100\": \"XXL\", \"105\": \"\" }\r\n      };\r\n\r\n      const dosSelect = document.getElementById(\"tourDos\");\r\n      const bonnetSelect = document.getElementById(\"bonnet\");\r\n      const resultBox = document.getElementById(\"resultatTaille\");\r\n\r\n      function updateResult() {\r\n        const dos = dosSelect.value;\r\n        const bonnet = bonnetSelect.value;\r\n\r\n        if (!dos || !bonnet) {\r\n          resultBox.textContent = \"\";\r\n          return;\r\n        }\r\n\r\n        const taille = guide[bonnet]?.[dos] || \"\";\r\n\r\n        resultBox.innerHTML = taille\r\n          ? \"\u2705 Taille recommand\u00e9e : <strong>\" + taille + \"<\/strong>\"\r\n          : \"\u274c Aucune taille trouv\u00e9e pour cette combinaison.\";\r\n      }\r\n\r\n      dosSelect.addEventListener(\"change\", updateResult);\r\n      bonnetSelect.addEventListener(\"change\", updateResult);\r\n    });\r\n    <\/script>\r\n    \n<p>Ce soutif de sport apporte un bon maintien pour la pratique du sport. Les bretelles r\u00e9glables permettent d\u2019ajuster la longueur selon le buste de chacune. Elles peuvent se porter droites ou crois\u00e9es pour un maintien renforc\u00e9. Les bretelles sont larges et confortables, elles ne blessent pas le haut des \u00e9paules.<br \/>\nLes coussinets sont amovibles. Un large \u00e9lastique doux et ferme, renforce le maintien sous la poitrine.<br \/>\nL\u2019agrafage dans le dos facilit\u00e9 grandement l\u2019enfilage.<br \/>\nSi vous portez le Soutif de sport avec les bretelles droites, il convient pour les sports \u00e0 rebond moyen comme le ski, le fitness, le cyclisme, l\u2019escalade\u2026<br \/>\nSi vous le portez avec les bretelles crois\u00e9es, il sera adapt\u00e9 \u00e0 des sports \u00e0 fort rebond comme le running, le tennis, le football, le squash, l\u2019\u00e9quitation\u2026<\/p>\n<p>Existe de la taille S \u00e0 XXL<\/p>\n<p><strong>Composition et entretien\u00a0<\/strong><\/p>\n<ul>\n<li>74% polyamide 26% \u00e9lasthanne<\/li>\n<li>Lavage \u00e0 30 degr\u00e9s<\/li>\n<li>Blanchiment interdit<\/li>\n<li>Pas de s\u00e9chage en tambour (s\u00e9chage naturel)<\/li>\n<li>Repassage doux<\/li>\n<li>Nettoyage \u00e0 sec autoris\u00e9<\/li>\n<\/ul>\n<p>Suivez nous sur Instagram<a href=\"https:\/\/www.instagram.com\/soutif.de.sport\/\"><img loading=\"lazy\" decoding=\"async\" class=\"alignnone size-full wp-image-3259\" src=\"https:\/\/www.soutifdesport.com\/wp-content\/uploads\/2023\/09\/Design-sans-titre-1.png\" alt=\"\" width=\"50\" height=\"50\" \/><\/a><\/p>\n","protected":false},"excerpt":{"rendered":"<p style=\"text-align: left;\"><a href=\"http:\/\/soutifdesport.com\/index.php\/guide-des-tailles\/\">Guide des tailles<\/a><\/p>\n<ul>\n<li>Maintien moyen \u00e0 fort<\/li>\n<li>Coussinets amovibles<\/li>\n<li>Agrafage dos<\/li>\n<li>Bretelles r\u00e9glables, possibilit\u00e9 de les porter crois\u00e9es<\/li>\n<li>Mati\u00e8re fran\u00e7aise respirante<\/li>\n<li>Con\u00e7u en France<\/li>\n<\/ul>\n<p>&nbsp;<\/p>\n","protected":false},"featured_media":1614,"template":"","meta":{"_uag_custom_page_level_css":"","site-sidebar-layout":"default","site-content-layout":"","ast-site-content-layout":"default","site-content-style":"default","site-sidebar-style":"default","ast-global-header-display":"","ast-banner-title-visibility":"","ast-main-header-display":"","ast-hfb-above-header-display":"","ast-hfb-below-header-display":"","ast-hfb-mobile-header-display":"","site-post-title":"","ast-breadcrumbs-content":"","ast-featured-img":"","footer-sml-layout":"","ast-disable-related-posts":"","theme-transparent-header-meta":"default","adv-header-id-meta":"","stick-header-meta":"","header-above-stick-meta":"","header-main-stick-meta":"","header-below-stick-meta":"","astra-migrate-meta-layouts":"set","ast-page-background-enabled":"default","ast-page-background-meta":{"desktop":{"background-color":"var(--ast-global-color-4)","background-image":"","background-repeat":"repeat","background-position":"center center","background-size":"auto","background-attachment":"scroll","background-type":"","background-media":"","overlay-type":"","overlay-color":"","overlay-opacity":"","overlay-gradient":""},"tablet":{"background-color":"","background-image":"","background-repeat":"repeat","background-position":"center center","background-size":"auto","background-attachment":"scroll","background-type":"","background-media":"","overlay-type":"","overlay-color":"","overlay-opacity":"","overlay-gradient":""},"mobile":{"background-color":"","background-image":"","background-repeat":"repeat","background-position":"center center","background-size":"auto","background-attachment":"scroll","background-type":"","background-media":"","overlay-type":"","overlay-color":"","overlay-opacity":"","overlay-gradient":""}},"ast-content-background-meta":{"desktop":{"background-color":"var(--ast-global-color-5)","background-image":"","background-repeat":"repeat","background-position":"center center","background-size":"auto","background-attachment":"scroll","background-type":"","background-media":"","overlay-type":"","overlay-color":"","overlay-opacity":"","overlay-gradient":""},"tablet":{"background-color":"var(--ast-global-color-5)","background-image":"","background-repeat":"repeat","background-position":"center center","background-size":"auto","background-attachment":"scroll","background-type":"","background-media":"","overlay-type":"","overlay-color":"","overlay-opacity":"","overlay-gradient":""},"mobile":{"background-color":"var(--ast-global-color-5)","background-image":"","background-repeat":"repeat","background-position":"center center","background-size":"auto","background-attachment":"scroll","background-type":"","background-media":"","overlay-type":"","overlay-color":"","overlay-opacity":"","overlay-gradient":""}}},"product_brand":[],"product_cat":[53],"product_tag":[62],"class_list":{"0":"post-1490","1":"product","2":"type-product","3":"status-publish","4":"has-post-thumbnail","6":"product_cat-maintien-moyen","7":"product_tag-polyamide","8":"desktop-align-left","9":"tablet-align-left","10":"mobile-align-left","11":"ast-product-gallery-layout-vertical-slider","12":"ast-product-single-variable","13":"ast-product-tabs-layout-accordion","15":"first","16":"instock","17":"shipping-taxable","18":"purchasable","19":"product-type-variable","20":"has-default-attributes"},"uagb_featured_image_src":{"full":["https:\/\/www.soutifdesport.com\/wp-content\/uploads\/2023\/11\/Dos-cheminee-vert-vue-2-6726-scaled.jpg",2560,2560,false],"thumbnail":["https:\/\/www.soutifdesport.com\/wp-content\/uploads\/2023\/11\/Dos-cheminee-vert-vue-2-6726-scaled-256x256.jpg",256,256,true],"medium":["https:\/\/www.soutifdesport.com\/wp-content\/uploads\/2023\/11\/Dos-cheminee-vert-vue-2-6726-scaled-768x768.jpg",768,768,true],"medium_large":["https:\/\/www.soutifdesport.com\/wp-content\/uploads\/2023\/11\/Dos-cheminee-vert-vue-2-6726-scaled-768x768.jpg",768,768,true],"large":["https:\/\/www.soutifdesport.com\/wp-content\/uploads\/2023\/11\/Dos-cheminee-vert-vue-2-6726-scaled-1024x1024.jpg",1024,1024,true],"1536x1536":["https:\/\/www.soutifdesport.com\/wp-content\/uploads\/2023\/11\/Dos-cheminee-vert-vue-2-6726-scaled-1536x1536.jpg",1536,1536,true],"2048x2048":["https:\/\/www.soutifdesport.com\/wp-content\/uploads\/2023\/11\/Dos-cheminee-vert-vue-2-6726-scaled-2048x2048.jpg",2048,2048,true],"woocommerce_thumbnail":["https:\/\/www.soutifdesport.com\/wp-content\/uploads\/2023\/11\/Dos-cheminee-vert-vue-2-6726-scaled-256x256.jpg",256,256,true],"woocommerce_single":["https:\/\/www.soutifdesport.com\/wp-content\/uploads\/2023\/11\/Dos-cheminee-vert-vue-2-6726-scaled-2048x2048.jpg",2048,2048,true],"woocommerce_gallery_thumbnail":["https:\/\/www.soutifdesport.com\/wp-content\/uploads\/2023\/11\/Dos-cheminee-vert-vue-2-6726-scaled-100x100.jpg",100,100,true]},"uagb_author_info":{"display_name":"soutifdesportadmin","author_link":"https:\/\/www.soutifdesport.com\/index.php\/author\/"},"uagb_comment_info":0,"uagb_excerpt":"Guide des tailles Maintien moyen \u00e0 fort Coussinets amovibles Agrafage dos Bretelles r\u00e9glables, possibilit\u00e9 de les porter crois\u00e9es Mati\u00e8re fran\u00e7aise respirante Con\u00e7u en France &nbsp;","jetpack_sharing_enabled":true,"_links":{"self":[{"href":"https:\/\/www.soutifdesport.com\/index.php\/wp-json\/wp\/v2\/product\/1490","targetHints":{"allow":["GET"]}}],"collection":[{"href":"https:\/\/www.soutifdesport.com\/index.php\/wp-json\/wp\/v2\/product"}],"about":[{"href":"https:\/\/www.soutifdesport.com\/index.php\/wp-json\/wp\/v2\/types\/product"}],"wp:featuredmedia":[{"embeddable":true,"href":"https:\/\/www.soutifdesport.com\/index.php\/wp-json\/wp\/v2\/media\/1614"}],"wp:attachment":[{"href":"https:\/\/www.soutifdesport.com\/index.php\/wp-json\/wp\/v2\/media?parent=1490"}],"wp:term":[{"taxonomy":"product_brand","embeddable":true,"href":"https:\/\/www.soutifdesport.com\/index.php\/wp-json\/wp\/v2\/product_brand?post=1490"},{"taxonomy":"product_cat","embeddable":true,"href":"https:\/\/www.soutifdesport.com\/index.php\/wp-json\/wp\/v2\/product_cat?post=1490"},{"taxonomy":"product_tag","embeddable":true,"href":"https:\/\/www.soutifdesport.com\/index.php\/wp-json\/wp\/v2\/product_tag?post=1490"}],"curies":[{"name":"wp","href":"https:\/\/api.w.org\/{rel}","templated":true}]}}