{"id":2962,"date":"2024-04-05T22:53:46","date_gmt":"2024-04-05T20:53:46","guid":{"rendered":"https:\/\/www.soutifdesport.com\/?page_id=2962"},"modified":"2024-04-17T20:11:41","modified_gmt":"2024-04-17T18:11:41","slug":"intro-2","status":"publish","type":"page","link":"https:\/\/www.soutifdesport.com\/","title":{"rendered":"Intro"},"content":{"rendered":"\n<!DOCTYPE html>\n<html>\n<head>\n    <style>\n        .fullscreen-bg {\n            background: #000;\n            position: fixed;\n            top: 0;\n            right: 0;\n            bottom: 0;\n            left: 0;\n            overflow: hidden;\n            z-index: 9999;\n        }\n\n        #fullscreen-bg-video {\n            position: absolute;\n            top: 50%;\n            left: 50%;\n            transform: translate(-50%, -50%);\n            min-width: 100%;\n            min-height: 100%;\n        }\n    <\/style>\n<\/head>\n<body>\n\n<div class=\"fullscreen-bg\">\n    <video autoplay=\"autoplay\" id=\"fullscreen-bg-video\" muted defaultMuted playsinline>>\n        <source src=\"https:\/\/www.soutifdesport.com\/wp-content\/uploads\/2024\/04\/9f89e94a-4075-4643-893e-810edb912e08.mp4\">\n    <\/video>\n<\/div>\n\n<script src=\"https:\/\/ajax.googleapis.com\/ajax\/libs\/jquery\/3.5.1\/jquery.min.js\"><\/script>\n<script type='text\/javascript'>\n    document.getElementById('fullscreen-bg-video').addEventListener('ended', function(e) {\n        \/\/ Masquer et supprimer l'\u00e9l\u00e9ment vid\u00e9o\n        jQuery('.fullscreen-bg').fadeOut(1000, function() {\n            jQuery(this).remove();\n            \/\/ Redirection apr\u00e8s la fin de la vid\u00e9o\n            window.location.href = \"https:\/\/www.soutifdesport.com\/index.php\/accueil\/\";\n        });\n    }, false);\n<\/script>\n<\/body>\n<\/html>\n","protected":false},"excerpt":{"rendered":"<p>><\/p>\n","protected":false},"author":1,"featured_media":0,"parent":0,"menu_order":0,"comment_status":"closed","ping_status":"closed","template":"","meta":{"_uag_custom_page_level_css":"","site-sidebar-layout":"default","site-content-layout":"","ast-site-content-layout":"default","site-content-style":"default","site-sidebar-style":"default","ast-global-header-display":"","ast-banner-title-visibility":"","ast-main-header-display":"","ast-hfb-above-header-display":"","ast-hfb-below-header-display":"","ast-hfb-mobile-header-display":"","site-post-title":"","ast-breadcrumbs-content":"","ast-featured-img":"","footer-sml-layout":"","ast-disable-related-posts":"","theme-transparent-header-meta":"","adv-header-id-meta":"","stick-header-meta":"","header-above-stick-meta":"","header-main-stick-meta":"","header-below-stick-meta":"","astra-migrate-meta-layouts":"default","ast-page-background-enabled":"default","ast-page-background-meta":{"desktop":{"background-color":"var(--ast-global-color-4)","background-image":"","background-repeat":"repeat","background-position":"center center","background-size":"auto","background-attachment":"scroll","background-type":"","background-media":"","overlay-type":"","overlay-color":"","overlay-opacity":"","overlay-gradient":""},"tablet":{"background-color":"","background-image":"","background-repeat":"repeat","background-position":"center center","background-size":"auto","background-attachment":"scroll","background-type":"","background-media":"","overlay-type":"","overlay-color":"","overlay-opacity":"","overlay-gradient":""},"mobile":{"background-color":"","background-image":"","background-repeat":"repeat","background-position":"center center","background-size":"auto","background-attachment":"scroll","background-type":"","background-media":"","overlay-type":"","overlay-color":"","overlay-opacity":"","overlay-gradient":""}},"ast-content-background-meta":{"desktop":{"background-color":"var(--ast-global-color-5)","background-image":"","background-repeat":"repeat","background-position":"center center","background-size":"auto","background-attachment":"scroll","background-type":"","background-media":"","overlay-type":"","overlay-color":"","overlay-opacity":"","overlay-gradient":""},"tablet":{"background-color":"var(--ast-global-color-5)","background-image":"","background-repeat":"repeat","background-position":"center center","background-size":"auto","background-attachment":"scroll","background-type":"","background-media":"","overlay-type":"","overlay-color":"","overlay-opacity":"","overlay-gradient":""},"mobile":{"background-color":"var(--ast-global-color-5)","background-image":"","background-repeat":"repeat","background-position":"center center","background-size":"auto","background-attachment":"scroll","background-type":"","background-media":"","overlay-type":"","overlay-color":"","overlay-opacity":"","overlay-gradient":""}},"footnotes":""},"class_list":["post-2962","page","type-page","status-publish","hentry"],"uagb_featured_image_src":{"full":false,"thumbnail":false,"medium":false,"medium_large":false,"large":false,"1536x1536":false,"2048x2048":false,"woocommerce_thumbnail":false,"woocommerce_single":false,"woocommerce_gallery_thumbnail":false},"uagb_author_info":{"display_name":"soutifdesportadmin","author_link":"https:\/\/www.soutifdesport.com\/index.php\/author\/soutifdesportadmin\/"},"uagb_comment_info":0,"uagb_excerpt":">","jetpack_sharing_enabled":true,"_links":{"self":[{"href":"https:\/\/www.soutifdesport.com\/index.php\/wp-json\/wp\/v2\/pages\/2962","targetHints":{"allow":["GET"]}}],"collection":[{"href":"https:\/\/www.soutifdesport.com\/index.php\/wp-json\/wp\/v2\/pages"}],"about":[{"href":"https:\/\/www.soutifdesport.com\/index.php\/wp-json\/wp\/v2\/types\/page"}],"author":[{"embeddable":true,"href":"https:\/\/www.soutifdesport.com\/index.php\/wp-json\/wp\/v2\/users\/1"}],"replies":[{"embeddable":true,"href":"https:\/\/www.soutifdesport.com\/index.php\/wp-json\/wp\/v2\/comments?post=2962"}],"version-history":[{"count":24,"href":"https:\/\/www.soutifdesport.com\/index.php\/wp-json\/wp\/v2\/pages\/2962\/revisions"}],"predecessor-version":[{"id":3250,"href":"https:\/\/www.soutifdesport.com\/index.php\/wp-json\/wp\/v2\/pages\/2962\/revisions\/3250"}],"wp:attachment":[{"href":"https:\/\/www.soutifdesport.com\/index.php\/wp-json\/wp\/v2\/media?parent=2962"}],"curies":[{"name":"wp","href":"https:\/\/api.w.org\/{rel}","templated":true}]}}