{"id":1845,"date":"2024-01-17T21:36:13","date_gmt":"2024-01-17T20:36:13","guid":{"rendered":"https:\/\/www.soutifdesport.com\/?page_id=1845"},"modified":"2024-07-15T10:25:07","modified_gmt":"2024-07-15T08:25:07","slug":"retours","status":"publish","type":"page","link":"https:\/\/www.soutifdesport.com\/index.php\/retours\/","title":{"rendered":"Retours"},"content":{"rendered":"\n<div class=\"wp-block-columns is-layout-flex wp-container-core-columns-is-layout-28f84493 wp-block-columns-is-layout-flex\">\n<div class=\"wp-block-column is-layout-flow wp-block-column-is-layout-flow\">\n<h2 class=\"wp-block-heading has-text-align-center\">Retours<\/h2>\n\n\n\n<p class=\"has-text-align-center\" style=\"padding-right:var(--wp--preset--spacing--40);padding-left:var(--wp--preset--spacing--40)\">Notre mission est de vous offrir les meilleurs soutiens-gorge pour votre pratique sportive. Nous savons que chaque femme est unique et c&rsquo;est pourquoi nous nous engageons \u00e0 vous proposer des soutiens-gorge qui vous conviennent parfaitement. Si toutefois le mod\u00e8le et\/ou la taille ne vous conviennent pas, vous pouvez les \u00e9changer gr\u00e2ce \u00e0 une \u00e9tiquette pr\u00e9pay\u00e9e. Chez nous, votre satisfaction est notre priorit\u00e9 !<\/p>\n<\/div>\n<\/div>\n\n\n\n<p style=\"margin-right:var(--wp--preset--spacing--50);margin-left:var(--wp--preset--spacing--50)\"><\/p>\n\n\n\n<div class=\"wp-block-group is-layout-constrained wp-container-core-group-is-layout-97829e9f wp-block-group-is-layout-constrained\" style=\"padding-right:var(--wp--preset--spacing--40);padding-left:var(--wp--preset--spacing--40)\">\n<div class=\"wp-block-uagb-separator uagb-block-dfc6f7ae\"><div class=\"wp-block-uagb-separator__inner\" style=\"--my-background-image:\"><\/div><\/div>\n<\/div>\n\n\n\n<div class=\"wp-block-uagb-container uagb-block-42bdc02b alignwide uagb-is-root-container\">\n<div class=\"wp-block-uagb-container uagb-block-6bb60549\">\n<h2 class=\"wp-block-heading has-text-align-center\"><strong>Formulaire de retour<\/strong><\/h2>\n\n\n\n<p><strong>\u00c9change de taille, gratuit<\/strong> <br>Si vous souhaitez \u00e9changer votre article pour une autre taille, nous vous fournirons gratuitement une \u00e9tiquette de retour. <br><br><strong>R\u00e9tractation, payant <\/strong><br>Si vous souhaitez retourner votre article pour une raison autre que l\u2019\u00e9change de taille, vous devrez prendre en charge les frais de retour. Le co\u00fbt de l\u2019\u00e9tiquette de retour sera d\u00e9duit de votre remboursement. <br>D\u00e9ductions : <br>France M\u00e9tropolitaine: 8\u20ac TTC <br>Zone 1: 10\u20ac TTC<br> Zone 2: 12\u20ac TTC <br>Zone 3: 15\u20ac TTC<\/p>\n<\/div>\n\n\n\n<div class=\"wp-block-uagb-container uagb-block-f7a89aa0\"><style id=\"wpforms-css-vars-3120-block-cd80a54d-6473-46e2-a2a8-e8da1399c82b\">\n\t\t\t\t#wpforms-3120.wpforms-block-cd80a54d-6473-46e2-a2a8-e8da1399c82b {\n\t\t\t\t--wpforms-label-color: var(--ast-global-color-0);\n--wpforms-field-text-color: var(--ast-global-color-0);\n\t\t\t}\n\t\t\t<\/style><div class=\"wpforms-container wpforms-container-full wpforms-block wpforms-block-cd80a54d-6473-46e2-a2a8-e8da1399c82b wpforms-render-modern\" id=\"wpforms-3120\"><form id=\"wpforms-form-3120\" class=\"wpforms-validate wpforms-form wpforms-ajax-form\" data-formid=\"3120\" method=\"post\" enctype=\"multipart\/form-data\" action=\"\/index.php\/wp-json\/wp\/v2\/pages\/1845\" data-token=\"43e03d0024f9b2365c7051036d66dd93\" data-token-time=\"1777619327\"><noscript class=\"wpforms-error-noscript\">Veuillez activer JavaScript dans votre navigateur pour remplir ce formulaire.<\/noscript><div id=\"wpforms-error-noscript\" style=\"display: none;\">Veuillez activer JavaScript dans votre navigateur pour remplir ce formulaire.<\/div><div class=\"wpforms-field-container\"><div id=\"wpforms-3120-field_1-container\" class=\"wpforms-field wpforms-field-text\" data-field-id=\"1\"><label class=\"wpforms-field-label\" for=\"wpforms-3120-field_1\">Num\u00e9ro de la commande <span class=\"wpforms-required-label\" aria-hidden=\"true\">*<\/span><\/label><input type=\"text\" id=\"wpforms-3120-field_1\" class=\"wpforms-field-medium wpforms-field-required\" name=\"wpforms[fields][1]\" aria-errormessage=\"wpforms-3120-field_1-error\" required><\/div><div id=\"wpforms-3120-field_2-container\" class=\"wpforms-field wpforms-field-text\" data-field-id=\"2\"><label class=\"wpforms-field-label\" for=\"wpforms-3120-field_2\">Nom <span class=\"wpforms-required-label\" aria-hidden=\"true\">*<\/span><\/label><input type=\"text\" id=\"wpforms-3120-field_2\" class=\"wpforms-field-medium wpforms-field-required\" name=\"wpforms[fields][2]\" aria-errormessage=\"wpforms-3120-field_2-error\" required><\/div><div id=\"wpforms-3120-field_3-container\" class=\"wpforms-field wpforms-field-text\" data-field-id=\"3\"><label class=\"wpforms-field-label\" for=\"wpforms-3120-field_3\">Email <span class=\"wpforms-required-label\" aria-hidden=\"true\">*<\/span><\/label><input type=\"text\" id=\"wpforms-3120-field_3\" class=\"wpforms-field-medium wpforms-field-required\" name=\"wpforms[fields][3]\" aria-errormessage=\"wpforms-3120-field_3-error\" required><\/div><div id=\"wpforms-3120-field_4-container\" class=\"wpforms-field wpforms-field-select wpforms-field-select-style-classic\" data-field-id=\"4\"><label class=\"wpforms-field-label\" for=\"wpforms-3120-field_4\">Raison du retour <span class=\"wpforms-required-label\" aria-hidden=\"true\">*<\/span><\/label><select id=\"wpforms-3120-field_4\" class=\"wpforms-field-medium wpforms-field-required\" name=\"wpforms[fields][4]\" required=\"required\"><option value=\"Choisir un motif\"  class=\"choice-1 depth-1\"  >Choisir un motif<\/option><option value=\"Changement de taille\"  class=\"choice-2 depth-1\"  >Changement de taille<\/option><option value=\"R\u00e9tractation\"  class=\"choice-3 depth-1\"  >R\u00e9tractation<\/option><\/select><div id=\"wpforms-3120-field_4-description\" class=\"wpforms-field-description\">En cas de r\u00e9tractation, le co\u00fbt de l\u2019\u00e9tiquette de retour sera d\u00e9duit de votre remboursement. D\u00e9ductions : France M\u00e9tropolitaine 8\u20ac TTC Zone 1 : 10\u20ac TTC \u2013 Zone 2: 12\u20ac TTC \u2013 Zone 3: 15\u20ac TTC<\/div><\/div><div id=\"wpforms-3120-field_5-container\" class=\"wpforms-field wpforms-field-radio\" data-field-id=\"5\"><fieldset><legend class=\"wpforms-field-label\">Taille souhait\u00e9e<\/legend><ul id=\"wpforms-3120-field_5\"><li class=\"choice-1 depth-1\"><input type=\"radio\" id=\"wpforms-3120-field_5_1\" name=\"wpforms[fields][5]\" value=\"S\" aria-errormessage=\"wpforms-3120-field_5_1-error\"  ><label class=\"wpforms-field-label-inline\" for=\"wpforms-3120-field_5_1\">S<\/label><\/li><li class=\"choice-2 depth-1\"><input type=\"radio\" id=\"wpforms-3120-field_5_2\" name=\"wpforms[fields][5]\" value=\"M\" aria-errormessage=\"wpforms-3120-field_5_2-error\"  ><label class=\"wpforms-field-label-inline\" for=\"wpforms-3120-field_5_2\">M<\/label><\/li><li class=\"choice-3 depth-1\"><input type=\"radio\" id=\"wpforms-3120-field_5_3\" name=\"wpforms[fields][5]\" value=\"L\" aria-errormessage=\"wpforms-3120-field_5_3-error\"  ><label class=\"wpforms-field-label-inline\" for=\"wpforms-3120-field_5_3\">L<\/label><\/li><li class=\"choice-5 depth-1\"><input type=\"radio\" id=\"wpforms-3120-field_5_5\" name=\"wpforms[fields][5]\" value=\"XL\" aria-errormessage=\"wpforms-3120-field_5_5-error\"  ><label class=\"wpforms-field-label-inline\" for=\"wpforms-3120-field_5_5\">XL<\/label><\/li><li class=\"choice-4 depth-1\"><input type=\"radio\" id=\"wpforms-3120-field_5_4\" name=\"wpforms[fields][5]\" value=\"XXL (collection Boost, Chrono et Energy)\" aria-errormessage=\"wpforms-3120-field_5_4-error\"  ><label class=\"wpforms-field-label-inline\" for=\"wpforms-3120-field_5_4\">XXL (collection Boost, Chrono et Energy)<\/label><\/li><\/ul><\/fieldset><\/div><\/div><!-- .wpforms-field-container --><div class=\"wpforms-submit-container\" ><input type=\"hidden\" name=\"wpforms[id]\" value=\"3120\"><input type=\"hidden\" name=\"page_title\" value=\"\"><input type=\"hidden\" name=\"page_url\" value=\"https:\/\/www.soutifdesport.com\/index.php\/wp-json\/wp\/v2\/pages\/1845\"><input type=\"hidden\" name=\"url_referer\" value=\"\"><button type=\"submit\" name=\"wpforms[submit]\" id=\"wpforms-submit-3120\" class=\"wpforms-submit\" data-alt-text=\"Envoi...\" data-submit-text=\"Envoyer\" aria-live=\"assertive\" value=\"wpforms-submit\">Envoyer<\/button><img loading=\"lazy\" decoding=\"async\" src=\"https:\/\/www.soutifdesport.com\/wp-content\/plugins\/wpforms-lite\/assets\/images\/submit-spin.svg\" class=\"wpforms-submit-spinner\" style=\"display: none;\" width=\"26\" height=\"26\" alt=\"Chargement en cours\"><\/div><\/form><\/div>  <!-- .wpforms-container --><\/div>\n<\/div>\n\n\n\n<div class=\"wp-block-group alignfull has-ast-global-color-5-color has-ast-global-color-0-background-color has-text-color has-background has-link-color wp-elements-1742a6a5d5b94590b5e6d2819bf222da is-content-justification-center is-nowrap is-layout-flex wp-container-core-group-is-layout-bfbbbc10 wp-block-group-is-layout-flex\">\n<div class=\"wp-block-uagb-separator uagb-block-85cbfb85\"><div class=\"wp-block-uagb-separator__inner\" style=\"--my-background-image:\"><\/div><\/div>\n\n\n\n<p class=\"has-text-align-center\" style=\"font-size:12px\"><strong>Livraison offerte<br><\/strong>en France m\u00e9tropolitaine<\/p>\n\n\n\n<p class=\"has-text-align-center uag-hide-tab uag-hide-mob\" style=\"font-size:12px\"><strong>Retours gratuits<br><\/strong>changement de taille ou de mod\u00e8le<\/p>\n\n\n\n<p style=\"font-size:12px\" class=\"uag-hide-tab uag-hide-mob\"><strong>Paiement s\u00e9curis\u00e9<br><\/strong>par carte bancaire<\/p>\n\n\n\n<p class=\"has-text-align-center\" style=\"font-size:12px\"><strong> <\/strong><a href=\"mailto:hello@soutifdesport.com\" data-type=\"page\" data-id=\"1450\"><strong>Service client<\/strong><\/a><br><a href=\"mailto:hello@soutifdesport.com\">hello@soutifdesport.com<\/a><\/p>\n\n\n\n<div class=\"wp-block-group is-nowrap is-layout-flex wp-container-core-group-is-layout-6c531013 wp-block-group-is-layout-flex\">\n<figure class=\"wp-block-image size-full\"><a href=\"https:\/\/www.instagram.com\/soutif.de.sport\/\"><img loading=\"lazy\" decoding=\"async\" width=\"50\" height=\"50\" src=\"https:\/\/www.soutifdesport.com\/wp-content\/uploads\/2024\/07\/import-50-x-50-px-1.png\" alt=\"\" class=\"wp-image-3369\"\/><\/a><\/figure>\n<\/div>\n\n\n\n<div class=\"wp-block-uagb-separator uagb-block-83112ea7\"><div class=\"wp-block-uagb-separator__inner\" style=\"--my-background-image:\"><\/div><\/div>\n<\/div>\n","protected":false},"excerpt":{"rendered":"<p>Retours Notre mission est de vous offrir les meilleurs soutiens-gorge pour votre pratique sportive. Nous savons que chaque femme est unique et c&rsquo;est pourquoi nous nous engageons \u00e0 vous proposer des soutiens-gorge qui vous conviennent parfaitement. Si toutefois le mod\u00e8le et\/ou la taille ne vous conviennent pas, vous pouvez les \u00e9changer gr\u00e2ce \u00e0 une \u00e9tiquette [&hellip;]<\/p>\n","protected":false},"author":1,"featured_media":0,"parent":0,"menu_order":0,"comment_status":"closed","ping_status":"closed","template":"","meta":{"_uag_custom_page_level_css":"","site-sidebar-layout":"default","site-content-layout":"","ast-site-content-layout":"default","site-content-style":"default","site-sidebar-style":"default","ast-global-header-display":"","ast-banner-title-visibility":"","ast-main-header-display":"","ast-hfb-above-header-display":"","ast-hfb-below-header-display":"","ast-hfb-mobile-header-display":"","site-post-title":"disabled","ast-breadcrumbs-content":"","ast-featured-img":"","footer-sml-layout":"","ast-disable-related-posts":"","theme-transparent-header-meta":"","adv-header-id-meta":"","stick-header-meta":"","header-above-stick-meta":"","header-main-stick-meta":"","header-below-stick-meta":"","astra-migrate-meta-layouts":"default","ast-page-background-enabled":"default","ast-page-background-meta":{"desktop":{"background-color":"var(--ast-global-color-4)","background-image":"","background-repeat":"repeat","background-position":"center center","background-size":"auto","background-attachment":"scroll","background-type":"","background-media":"","overlay-type":"","overlay-color":"","overlay-opacity":"","overlay-gradient":""},"tablet":{"background-color":"","background-image":"","background-repeat":"repeat","background-position":"center center","background-size":"auto","background-attachment":"scroll","background-type":"","background-media":"","overlay-type":"","overlay-color":"","overlay-opacity":"","overlay-gradient":""},"mobile":{"background-color":"","background-image":"","background-repeat":"repeat","background-position":"center center","background-size":"auto","background-attachment":"scroll","background-type":"","background-media":"","overlay-type":"","overlay-color":"","overlay-opacity":"","overlay-gradient":""}},"ast-content-background-meta":{"desktop":{"background-color":"var(--ast-global-color-5)","background-image":"","background-repeat":"repeat","background-position":"center center","background-size":"auto","background-attachment":"scroll","background-type":"","background-media":"","overlay-type":"","overlay-color":"","overlay-opacity":"","overlay-gradient":""},"tablet":{"background-color":"var(--ast-global-color-5)","background-image":"","background-repeat":"repeat","background-position":"center center","background-size":"auto","background-attachment":"scroll","background-type":"","background-media":"","overlay-type":"","overlay-color":"","overlay-opacity":"","overlay-gradient":""},"mobile":{"background-color":"var(--ast-global-color-5)","background-image":"","background-repeat":"repeat","background-position":"center center","background-size":"auto","background-attachment":"scroll","background-type":"","background-media":"","overlay-type":"","overlay-color":"","overlay-opacity":"","overlay-gradient":""}},"footnotes":""},"class_list":["post-1845","page","type-page","status-publish","hentry"],"uagb_featured_image_src":{"full":false,"thumbnail":false,"medium":false,"medium_large":false,"large":false,"1536x1536":false,"2048x2048":false,"woocommerce_thumbnail":false,"woocommerce_single":false,"woocommerce_gallery_thumbnail":false},"uagb_author_info":{"display_name":"soutifdesportadmin","author_link":"https:\/\/www.soutifdesport.com\/index.php\/author\/soutifdesportadmin\/"},"uagb_comment_info":0,"uagb_excerpt":"Retours Notre mission est de vous offrir les meilleurs soutiens-gorge pour votre pratique sportive. Nous savons que chaque femme est unique et c&rsquo;est pourquoi nous nous engageons \u00e0 vous proposer des soutiens-gorge qui vous conviennent parfaitement. Si toutefois le mod\u00e8le et\/ou la taille ne vous conviennent pas, vous pouvez les \u00e9changer gr\u00e2ce \u00e0 une \u00e9tiquette\u2026","jetpack_sharing_enabled":true,"_links":{"self":[{"href":"https:\/\/www.soutifdesport.com\/index.php\/wp-json\/wp\/v2\/pages\/1845","targetHints":{"allow":["GET"]}}],"collection":[{"href":"https:\/\/www.soutifdesport.com\/index.php\/wp-json\/wp\/v2\/pages"}],"about":[{"href":"https:\/\/www.soutifdesport.com\/index.php\/wp-json\/wp\/v2\/types\/page"}],"author":[{"embeddable":true,"href":"https:\/\/www.soutifdesport.com\/index.php\/wp-json\/wp\/v2\/users\/1"}],"replies":[{"embeddable":true,"href":"https:\/\/www.soutifdesport.com\/index.php\/wp-json\/wp\/v2\/comments?post=1845"}],"version-history":[{"count":55,"href":"https:\/\/www.soutifdesport.com\/index.php\/wp-json\/wp\/v2\/pages\/1845\/revisions"}],"predecessor-version":[{"id":3370,"href":"https:\/\/www.soutifdesport.com\/index.php\/wp-json\/wp\/v2\/pages\/1845\/revisions\/3370"}],"wp:attachment":[{"href":"https:\/\/www.soutifdesport.com\/index.php\/wp-json\/wp\/v2\/media?parent=1845"}],"curies":[{"name":"wp","href":"https:\/\/api.w.org\/{rel}","templated":true}]}}