{"id":163,"date":"2023-03-10T21:58:19","date_gmt":"2023-03-10T20:58:19","guid":{"rendered":"https:\/\/soutifdesport.wpcomstaging.com\/?page_id=163"},"modified":"2024-04-09T23:30:33","modified_gmt":"2024-04-09T21:30:33","slug":"livraisons","status":"publish","type":"page","link":"https:\/\/www.soutifdesport.com\/index.php\/livraisons\/","title":{"rendered":"Livraisons"},"content":{"rendered":"\n<div class=\"wp-block-uagb-container uagb-block-7ed8a7df alignfull uagb-is-root-container\"><div class=\"uagb-container-inner-blocks-wrap\">\n<div class=\"wp-block-uagb-container uagb-block-1dcdefbd\">\n<figure class=\"wp-block-image alignright size-full\"><img decoding=\"async\" src=\"https:\/\/soutifdesport.wpcomstaging.com\/wp-content\/uploads\/2023\/03\/Sans_titre-removebg-preview.png\" alt=\"\" class=\"wp-image-168\"\/><\/figure>\n<\/div>\n\n\n\n<div class=\"wp-block-uagb-container uagb-block-50ca2315\">\n<h2 class=\"wp-block-heading\">LIVRAISONS<\/h2>\n\n\n\n<p><strong>Livraison gratuite en France m\u00e9tropolitaine<\/strong><\/p>\n\n\n\n<p>Que vous soyez une passionn\u00e9e de sport ou une athl\u00e8te professionnelle, nous sommes l\u00e0 pour vous fournir les soutifs de sport qui vous conviennent, rapidement et efficacement. Afin de vous offrir un service de livraison rapide et fiable, nous avons choisi de travailler avec Colissimo, un service de livraison de confiance qui garantit une livraison en 48 heures. Commandez d\u00e8s maintenant et profitez de notre service de livraison rapide avec Colissimo !<\/p>\n<\/div>\n<\/div><\/div>\n","protected":false},"excerpt":{"rendered":"<p>LIVRAISONS Livraison gratuite en France m\u00e9tropolitaine Que vous soyez une passionn\u00e9e de sport ou une athl\u00e8te professionnelle, nous sommes l\u00e0 pour vous fournir les soutifs de sport qui vous conviennent, rapidement et efficacement. Afin de vous offrir un service de livraison rapide et fiable, nous avons choisi de travailler avec Colissimo, un service de livraison [&hellip;]<\/p>\n","protected":false},"author":1,"featured_media":0,"parent":0,"menu_order":0,"comment_status":"closed","ping_status":"closed","template":"","meta":{"_uag_custom_page_level_css":"","site-sidebar-layout":"default","site-content-layout":"","ast-site-content-layout":"default","site-content-style":"default","site-sidebar-style":"default","ast-global-header-display":"","ast-banner-title-visibility":"","ast-main-header-display":"","ast-hfb-above-header-display":"","ast-hfb-below-header-display":"","ast-hfb-mobile-header-display":"","site-post-title":"disabled","ast-breadcrumbs-content":"","ast-featured-img":"","footer-sml-layout":"","ast-disable-related-posts":"","theme-transparent-header-meta":"","adv-header-id-meta":"","stick-header-meta":"","header-above-stick-meta":"","header-main-stick-meta":"","header-below-stick-meta":"","astra-migrate-meta-layouts":"default","ast-page-background-enabled":"default","ast-page-background-meta":{"desktop":{"background-color":"var(--ast-global-color-4)","background-image":"","background-repeat":"repeat","background-position":"center center","background-size":"auto","background-attachment":"scroll","background-type":"","background-media":"","overlay-type":"","overlay-color":"","overlay-opacity":"","overlay-gradient":""},"tablet":{"background-color":"","background-image":"","background-repeat":"repeat","background-position":"center center","background-size":"auto","background-attachment":"scroll","background-type":"","background-media":"","overlay-type":"","overlay-color":"","overlay-opacity":"","overlay-gradient":""},"mobile":{"background-color":"","background-image":"","background-repeat":"repeat","background-position":"center center","background-size":"auto","background-attachment":"scroll","background-type":"","background-media":"","overlay-type":"","overlay-color":"","overlay-opacity":"","overlay-gradient":""}},"ast-content-background-meta":{"desktop":{"background-color":"var(--ast-global-color-5)","background-image":"","background-repeat":"repeat","background-position":"center center","background-size":"auto","background-attachment":"scroll","background-type":"","background-media":"","overlay-type":"","overlay-color":"","overlay-opacity":"","overlay-gradient":""},"tablet":{"background-color":"var(--ast-global-color-5)","background-image":"","background-repeat":"repeat","background-position":"center center","background-size":"auto","background-attachment":"scroll","background-type":"","background-media":"","overlay-type":"","overlay-color":"","overlay-opacity":"","overlay-gradient":""},"mobile":{"background-color":"var(--ast-global-color-5)","background-image":"","background-repeat":"repeat","background-position":"center center","background-size":"auto","background-attachment":"scroll","background-type":"","background-media":"","overlay-type":"","overlay-color":"","overlay-opacity":"","overlay-gradient":""}},"footnotes":""},"class_list":["post-163","page","type-page","status-publish","hentry"],"uagb_featured_image_src":{"full":false,"thumbnail":false,"medium":false,"medium_large":false,"large":false,"1536x1536":false,"2048x2048":false,"woocommerce_thumbnail":false,"woocommerce_single":false,"woocommerce_gallery_thumbnail":false},"uagb_author_info":{"display_name":"soutifdesportadmin","author_link":"https:\/\/www.soutifdesport.com\/index.php\/author\/soutifdesportadmin\/"},"uagb_comment_info":0,"uagb_excerpt":"LIVRAISONS Livraison gratuite en France m\u00e9tropolitaine Que vous soyez une passionn\u00e9e de sport ou une athl\u00e8te professionnelle, nous sommes l\u00e0 pour vous fournir les soutifs de sport qui vous conviennent, rapidement et efficacement. Afin de vous offrir un service de livraison rapide et fiable, nous avons choisi de travailler avec Colissimo, un service de livraison\u2026","jetpack_sharing_enabled":true,"_links":{"self":[{"href":"https:\/\/www.soutifdesport.com\/index.php\/wp-json\/wp\/v2\/pages\/163","targetHints":{"allow":["GET"]}}],"collection":[{"href":"https:\/\/www.soutifdesport.com\/index.php\/wp-json\/wp\/v2\/pages"}],"about":[{"href":"https:\/\/www.soutifdesport.com\/index.php\/wp-json\/wp\/v2\/types\/page"}],"author":[{"embeddable":true,"href":"https:\/\/www.soutifdesport.com\/index.php\/wp-json\/wp\/v2\/users\/1"}],"replies":[{"embeddable":true,"href":"https:\/\/www.soutifdesport.com\/index.php\/wp-json\/wp\/v2\/comments?post=163"}],"version-history":[{"count":9,"href":"https:\/\/www.soutifdesport.com\/index.php\/wp-json\/wp\/v2\/pages\/163\/revisions"}],"predecessor-version":[{"id":3117,"href":"https:\/\/www.soutifdesport.com\/index.php\/wp-json\/wp\/v2\/pages\/163\/revisions\/3117"}],"wp:attachment":[{"href":"https:\/\/www.soutifdesport.com\/index.php\/wp-json\/wp\/v2\/media?parent=163"}],"curies":[{"name":"wp","href":"https:\/\/api.w.org\/{rel}","templated":true}]}}