{"id":101,"date":"2023-03-09T21:19:10","date_gmt":"2023-03-09T20:19:10","guid":{"rendered":"https:\/\/soutifdesport.wpcomstaging.com\/?page_id=101"},"modified":"2024-03-05T16:45:14","modified_gmt":"2024-03-05T15:45:14","slug":"mentions-legales","status":"publish","type":"page","link":"https:\/\/www.soutifdesport.com\/index.php\/mentions-legales\/","title":{"rendered":"Mentions l\u00e9gales"},"content":{"rendered":"\n<p><strong>Mentions l\u00e9gales sur soutifdesport.com<\/strong><\/p>\n\n\n\n<p>Le pr\u00e9sent site est \u00e9dit\u00e9 par Small Gallery, SAS au capital de 120000 \u20ac, immatricul\u00e9 au registre de commerce et des soci\u00e9t\u00e9s de Paris.<br><br>N\u00b0 de TVA intracommunautaire : FR49481309227<br><br>L&rsquo;acc\u00e8s au site ainsi que l&rsquo;utilisation de son contenu sont soumis aux conditions d&rsquo;utilisation d\u00e9crites ci-apr\u00e8s. Le fait d&rsquo;acc\u00e9der et de naviguer sur le site constitue de la part du visiteur une acceptation sans r\u00e9serves des stipulations suivantes\u00a0:<br><br><br>Tous les \u00e9l\u00e9ments pr\u00e9sents sur le site et le site en lui-m\u00eame sont prot\u00e9g\u00e9s par le droit d&rsquo;auteur, droit des marques ou tout autre droit de la propri\u00e9t\u00e9 intellectuelle. Par \u00e9l\u00e9ments, nous entendons de fa\u00e7on non exhaustive : les photographies, images, textes, logo, mod\u00e8les, marques, dessins et brevet et tout droit de propri\u00e9t\u00e9 intellectuelle. Ces \u00e9l\u00e9ments appartiennent \u00e0 la soci\u00e9t\u00e9 Small Gallery ou bien sont utilis\u00e9s avec l&rsquo;accord de leurs propri\u00e9taires.<br><br><strong>A ce titre, tout t\u00e9l\u00e9chargement, reproduction, transmission, repr\u00e9sentation, utilisation, adaptation, modification, incorporation, traduction, commercialisation, partielles ou int\u00e9grales par quelque proc\u00e9d\u00e9 et sur quelque support que ce soit (papier, num\u00e9rique&#8230;) sont interdites, sans l&rsquo;autorisation \u00e9crite pr\u00e9alable de Soutif de Sport, hormis les exceptions vis\u00e9es \u00e0 l&rsquo;article L 122.5 du Code de Propri\u00e9t\u00e9 Intellectuelle, sous peine de constituer un d\u00e9lit de contrefa\u00e7on de droit d&rsquo;auteur et\/ou de dessins et mod\u00e8les et\/ou de marque, puni de deux ans d&#8217;emprisonnement et de 152 449,02\u20ac d&rsquo;amende.<\/strong>Small Gallery s&rsquo;efforce d&rsquo;assurer au mieux de ses possibilit\u00e9s l&rsquo;exactitude et la mise \u00e0 jour des informations diffus\u00e9es sur le site, dont elle se r\u00e9serve le droit de corriger, \u00e0 tout moment et sans pr\u00e9avis le contenu.<br><br>Dans les conditions autoris\u00e9es par la loi, Small Gallery n&rsquo;encourt aucune responsabilit\u00e9\u00a0:<br><br>\u00a0\u00a0\u00a0\u00a0 \u2022 pour toute impr\u00e9cision, inexactitude, omission ou pour tous dommages r\u00e9sultant d&rsquo;une intrusion d&rsquo;un tiers ayant entra\u00een\u00e9<br>\u00a0\u00a0\u00a0\u00a0une modification des informations mises \u00e0 disposition sur le site.<br><br>\u00a0\u00a0\u00a0\u00a0 \u2022 En cas de dommages provoqu\u00e9s \u00e0 raison de l&rsquo;acc\u00e8s d&rsquo;un tiers non autoris\u00e9 sur le site ou rendant impossible son acc\u00e8s.<br><br>Le visiteur est susceptible de fournir des donn\u00e9es \u00e0 caract\u00e8re personnel. Le visiteur est inform\u00e9 que la fourniture de ces informations nominatives est facultative et permet seulement \u00e0 Small Gallery de mieux conna\u00eetre les visiteurs de son site afin de mieux r\u00e9pondre \u00e0 leurs attentes, et pouvoir leur adresser, s&rsquo;ils en font la demande, les informations concernant les nouveaux produits de Small Gallery, sa newsletter, et invitation \u00e0 ses expositions.<br><br>Conform\u00e9ment \u00e0 la loi informatique et libert\u00e9 n\u00b0 78-17 du 6 janvier 1978 modifi\u00e9 par la loi du 6 ao\u00fbt 2004, chaque visiteur peut acc\u00e9der aux informations nominatives le concernant et les faire rectifier ou supprimer, le cas \u00e9ch\u00e9ant.<br><br>Chaque visiteur peut \u00e9galement s&rsquo;opposer, sans frais, \u00e0 ce que ses donn\u00e9es soient collect\u00e9es et trait\u00e9es par Small Gallery.<br><br>Small Gallery met en \u0153uvre des moyens techniques et organisationnels destin\u00e9s \u00e0 assurer la s\u00e9curit\u00e9 et la confidentialit\u00e9 des fichiers constitu\u00e9s \u00e0 partir des donn\u00e9es nominatives collect\u00e9es sur son site.<br>La cr\u00e9ation de liens hypertextes vers le site ne peut \u00eatre faite qu&rsquo;avec l&rsquo;autorisation \u00e9crite et pr\u00e9alable de Small Gallery qui pourra \u00eatre r\u00e9voqu\u00e9 \u00e0 tout moment. Small Gallery d\u00e9cline toute responsabilit\u00e9 concernant le contenu des sites li\u00e9s au site.<\/p>\n","protected":false},"excerpt":{"rendered":"<p>Mentions l\u00e9gales sur soutifdesport.com Le pr\u00e9sent site est \u00e9dit\u00e9 par Small Gallery, SAS au capital de 120000 \u20ac, immatricul\u00e9 au registre de commerce et des soci\u00e9t\u00e9s de Paris. N\u00b0 de TVA intracommunautaire : FR49481309227 L&rsquo;acc\u00e8s au site ainsi que l&rsquo;utilisation de son contenu sont soumis aux conditions d&rsquo;utilisation d\u00e9crites ci-apr\u00e8s. Le fait d&rsquo;acc\u00e9der et de [&hellip;]<\/p>\n","protected":false},"author":1,"featured_media":0,"parent":0,"menu_order":0,"comment_status":"closed","ping_status":"closed","template":"","meta":{"_uag_custom_page_level_css":"","site-sidebar-layout":"default","site-content-layout":"","ast-site-content-layout":"default","site-content-style":"default","site-sidebar-style":"default","ast-global-header-display":"","ast-banner-title-visibility":"","ast-main-header-display":"","ast-hfb-above-header-display":"","ast-hfb-below-header-display":"","ast-hfb-mobile-header-display":"","site-post-title":"","ast-breadcrumbs-content":"","ast-featured-img":"","footer-sml-layout":"","ast-disable-related-posts":"","theme-transparent-header-meta":"","adv-header-id-meta":"","stick-header-meta":"","header-above-stick-meta":"","header-main-stick-meta":"","header-below-stick-meta":"","astra-migrate-meta-layouts":"default","ast-page-background-enabled":"default","ast-page-background-meta":{"desktop":{"background-color":"var(--ast-global-color-4)","background-image":"","background-repeat":"repeat","background-position":"center center","background-size":"auto","background-attachment":"scroll","background-type":"","background-media":"","overlay-type":"","overlay-color":"","overlay-opacity":"","overlay-gradient":""},"tablet":{"background-color":"","background-image":"","background-repeat":"repeat","background-position":"center center","background-size":"auto","background-attachment":"scroll","background-type":"","background-media":"","overlay-type":"","overlay-color":"","overlay-opacity":"","overlay-gradient":""},"mobile":{"background-color":"","background-image":"","background-repeat":"repeat","background-position":"center center","background-size":"auto","background-attachment":"scroll","background-type":"","background-media":"","overlay-type":"","overlay-color":"","overlay-opacity":"","overlay-gradient":""}},"ast-content-background-meta":{"desktop":{"background-color":"var(--ast-global-color-5)","background-image":"","background-repeat":"repeat","background-position":"center center","background-size":"auto","background-attachment":"scroll","background-type":"","background-media":"","overlay-type":"","overlay-color":"","overlay-opacity":"","overlay-gradient":""},"tablet":{"background-color":"var(--ast-global-color-5)","background-image":"","background-repeat":"repeat","background-position":"center center","background-size":"auto","background-attachment":"scroll","background-type":"","background-media":"","overlay-type":"","overlay-color":"","overlay-opacity":"","overlay-gradient":""},"mobile":{"background-color":"var(--ast-global-color-5)","background-image":"","background-repeat":"repeat","background-position":"center center","background-size":"auto","background-attachment":"scroll","background-type":"","background-media":"","overlay-type":"","overlay-color":"","overlay-opacity":"","overlay-gradient":""}},"footnotes":""},"class_list":["post-101","page","type-page","status-publish","hentry"],"uagb_featured_image_src":{"full":false,"thumbnail":false,"medium":false,"medium_large":false,"large":false,"1536x1536":false,"2048x2048":false,"woocommerce_thumbnail":false,"woocommerce_single":false,"woocommerce_gallery_thumbnail":false},"uagb_author_info":{"display_name":"soutifdesportadmin","author_link":"https:\/\/www.soutifdesport.com\/index.php\/author\/soutifdesportadmin\/"},"uagb_comment_info":0,"uagb_excerpt":"Mentions l\u00e9gales sur soutifdesport.com Le pr\u00e9sent site est \u00e9dit\u00e9 par Small Gallery, SAS au capital de 120000 \u20ac, immatricul\u00e9 au registre de commerce et des soci\u00e9t\u00e9s de Paris. N\u00b0 de TVA intracommunautaire : FR49481309227 L&rsquo;acc\u00e8s au site ainsi que l&rsquo;utilisation de son contenu sont soumis aux conditions d&rsquo;utilisation d\u00e9crites ci-apr\u00e8s. Le fait d&rsquo;acc\u00e9der et de\u2026","jetpack_sharing_enabled":true,"_links":{"self":[{"href":"https:\/\/www.soutifdesport.com\/index.php\/wp-json\/wp\/v2\/pages\/101","targetHints":{"allow":["GET"]}}],"collection":[{"href":"https:\/\/www.soutifdesport.com\/index.php\/wp-json\/wp\/v2\/pages"}],"about":[{"href":"https:\/\/www.soutifdesport.com\/index.php\/wp-json\/wp\/v2\/types\/page"}],"author":[{"embeddable":true,"href":"https:\/\/www.soutifdesport.com\/index.php\/wp-json\/wp\/v2\/users\/1"}],"replies":[{"embeddable":true,"href":"https:\/\/www.soutifdesport.com\/index.php\/wp-json\/wp\/v2\/comments?post=101"}],"version-history":[{"count":1,"href":"https:\/\/www.soutifdesport.com\/index.php\/wp-json\/wp\/v2\/pages\/101\/revisions"}],"predecessor-version":[{"id":1836,"href":"https:\/\/www.soutifdesport.com\/index.php\/wp-json\/wp\/v2\/pages\/101\/revisions\/1836"}],"wp:attachment":[{"href":"https:\/\/www.soutifdesport.com\/index.php\/wp-json\/wp\/v2\/media?parent=101"}],"curies":[{"name":"wp","href":"https:\/\/api.w.org\/{rel}","templated":true}]}}